{"id":7,"date":"2020-03-20T20:02:05","date_gmt":"2020-03-20T20:02:05","guid":{"rendered":"https:\/\/credinor.com.mx\/es\/?page_id=7"},"modified":"2023-05-29T20:39:32","modified_gmt":"2023-05-29T20:39:32","slug":"inicio","status":"publish","type":"page","link":"https:\/\/credinor.com.mx\/es\/","title":{"rendered":"INICIO"},"content":{"rendered":"\t\t<div data-elementor-type=\"wp-page\" data-elementor-id=\"7\" class=\"elementor elementor-7\">\n\t\t\t\t\t\t<section class=\"elementor-section elementor-top-section elementor-element elementor-element-8a5727e elementor-section-boxed elementor-section-height-default elementor-section-height-default\" data-id=\"8a5727e\" data-element_type=\"section\">\n\t\t\t\t\t\t<div class=\"elementor-container elementor-column-gap-default\">\n\t\t\t\t\t<div class=\"elementor-column elementor-col-100 elementor-top-column elementor-element elementor-element-afb638b\" data-id=\"afb638b\" data-element_type=\"column\">\n\t\t\t<div class=\"elementor-widget-wrap elementor-element-populated\">\n\t\t\t\t\t\t<div class=\"elementor-element elementor-element-3abd3e3 elementor-widget elementor-widget-image\" data-id=\"3abd3e3\" data-element_type=\"widget\" data-widget_type=\"image.default\">\n\t\t\t\t<div class=\"elementor-widget-container\">\n\t\t\t\t\t\t\t\t\t\t\t\t\t<img fetchpriority=\"high\" decoding=\"async\" width=\"960\" height=\"370\" src=\"https:\/\/credinor.com.mx\/es\/wp-content\/uploads\/2020\/03\/objetivo.png\" class=\"attachment-large size-large wp-image-12\" alt=\"\" srcset=\"https:\/\/credinor.com.mx\/es\/wp-content\/uploads\/2020\/03\/objetivo.png 960w, https:\/\/credinor.com.mx\/es\/wp-content\/uploads\/2020\/03\/objetivo-300x116.png 300w, https:\/\/credinor.com.mx\/es\/wp-content\/uploads\/2020\/03\/objetivo-768x296.png 768w\" sizes=\"(max-width: 960px) 100vw, 960px\" \/>\t\t\t\t\t\t\t\t\t\t\t\t\t<\/div>\n\t\t\t\t<\/div>\n\t\t\t\t\t<\/div>\n\t\t<\/div>\n\t\t\t\t\t<\/div>\n\t\t<\/section>\n\t\t\t\t<section class=\"elementor-section elementor-top-section elementor-element elementor-element-d0dad51 elementor-section-boxed elementor-section-height-default elementor-section-height-default\" data-id=\"d0dad51\" data-element_type=\"section\">\n\t\t\t\t\t\t<div class=\"elementor-container elementor-column-gap-default\">\n\t\t\t\t\t<div class=\"elementor-column elementor-col-100 elementor-top-column elementor-element elementor-element-6c7b7b6\" data-id=\"6c7b7b6\" data-element_type=\"column\">\n\t\t\t<div class=\"elementor-widget-wrap elementor-element-populated\">\n\t\t\t\t\t\t<section class=\"elementor-section elementor-inner-section elementor-element elementor-element-ecf9f42 elementor-section-boxed elementor-section-height-default elementor-section-height-default\" data-id=\"ecf9f42\" data-element_type=\"section\">\n\t\t\t\t\t\t<div class=\"elementor-container elementor-column-gap-default\">\n\t\t\t\t\t<div class=\"elementor-column elementor-col-50 elementor-inner-column elementor-element elementor-element-baeeda0\" data-id=\"baeeda0\" data-element_type=\"column\">\n\t\t\t<div class=\"elementor-widget-wrap elementor-element-populated\">\n\t\t\t\t\t\t<div class=\"elementor-element elementor-element-faded58 elementor-widget elementor-widget-text-editor\" data-id=\"faded58\" data-element_type=\"widget\" data-widget_type=\"text-editor.default\">\n\t\t\t\t<div class=\"elementor-widget-container\">\n\t\t\t\t\t\t\t<p class=\"font_8\">Las uniones de cr\u00e9dito son Sociedades An\u00f3nimas de capital variable que tienen autorizaci\u00f3n , as\u00ed como supervisi\u00f3n y vigilancia de la Comisi\u00f3n Nacional Bancaria y de Valores (CNBV) para operar.<\/p><p class=\"font_8\"><span class=\"wixGuard\">\u200b<\/span>Se trata de sociedades que est\u00e1n sujetas al cumplimiento de las disposiciones de la Ley de Uniones de Cr\u00e9dito.Como sociedades an\u00f3nimas tambi\u00e9n deben cumplir con la Ley General de Sociedades Mercantiles. Las uniones son empresas privadas y su capital se integra con las aportaciones que hacen los accionistas.<\/p><p class=\"font_8\"><span class=\"wixGuard\">\u200b<\/span>La ley particular que rige a estas empresas se\u00f1ala que s\u00f3lo pueden efectuar operaciones con sus accionistas, quienes deben ser personas f\u00edsicas con actividad empresarial o personas morales, tambi\u00e9n la ley establece que ning\u00fan accionista puede ser propietario de m\u00e1s del 10% del capital de una Uni\u00f3n de Cr\u00e9dito.<\/p>\t\t\t\t\t\t<\/div>\n\t\t\t\t<\/div>\n\t\t\t\t\t<\/div>\n\t\t<\/div>\n\t\t\t\t<div class=\"elementor-column elementor-col-50 elementor-inner-column elementor-element elementor-element-2a0b60f\" data-id=\"2a0b60f\" data-element_type=\"column\">\n\t\t\t<div class=\"elementor-widget-wrap elementor-element-populated\">\n\t\t\t\t\t\t<div class=\"elementor-element elementor-element-13f949c elementor-widget elementor-widget-image\" data-id=\"13f949c\" data-element_type=\"widget\" data-widget_type=\"image.default\">\n\t\t\t\t<div class=\"elementor-widget-container\">\n\t\t\t\t\t\t\t\t\t\t\t\t\t<img decoding=\"async\" width=\"282\" height=\"265\" src=\"https:\/\/credinor.com.mx\/es\/wp-content\/uploads\/2020\/03\/Screen-Shot-2020-03-20-at-5.42.02-PM.png\" class=\"attachment-large size-large wp-image-35\" alt=\"\" \/>\t\t\t\t\t\t\t\t\t\t\t\t\t<\/div>\n\t\t\t\t<\/div>\n\t\t\t\t\t<\/div>\n\t\t<\/div>\n\t\t\t\t\t<\/div>\n\t\t<\/section>\n\t\t\t\t\t<\/div>\n\t\t<\/div>\n\t\t\t\t\t<\/div>\n\t\t<\/section>\n\t\t\t\t<section class=\"elementor-section elementor-top-section elementor-element elementor-element-d00a308 elementor-section-boxed elementor-section-height-default elementor-section-height-default\" data-id=\"d00a308\" data-element_type=\"section\">\n\t\t\t\t\t\t<div class=\"elementor-container elementor-column-gap-default\">\n\t\t\t\t\t<div class=\"elementor-column elementor-col-100 elementor-top-column elementor-element elementor-element-842e53e\" data-id=\"842e53e\" data-element_type=\"column\">\n\t\t\t<div class=\"elementor-widget-wrap\">\n\t\t\t\t\t\t\t<\/div>\n\t\t<\/div>\n\t\t\t\t\t<\/div>\n\t\t<\/section>\n\t\t\t\t<\/div>\n\t\t","protected":false},"excerpt":{"rendered":"<p>Las uniones de cr\u00e9dito son Sociedades An\u00f3nimas de capital variable que tienen autorizaci\u00f3n , as\u00ed como supervisi\u00f3n y vigilancia de la Comisi\u00f3n Nacional Bancaria y de Valores (CNBV) para operar. \u200bSe trata de sociedades que est\u00e1n sujetas al cumplimiento de las disposiciones de la Ley de Uniones de Cr\u00e9dito.Como sociedades an\u00f3nimas tambi\u00e9n deben cumplir con&hellip;&nbsp;<a href=\"https:\/\/credinor.com.mx\/es\/\" class=\"\" rel=\"bookmark\">Leer m\u00e1s &raquo;<span class=\"screen-reader-text\">INICIO<\/span><\/a><\/p>\n","protected":false},"author":1,"featured_media":0,"parent":0,"menu_order":0,"comment_status":"closed","ping_status":"closed","template":"page-templates\/template-pagebuilder-full-width.php","meta":{"neve_meta_sidebar":"full-width","neve_meta_container":"","neve_meta_enable_content_width":"on","neve_meta_content_width":100,"neve_meta_title_alignment":"","neve_meta_author_avatar":"","neve_post_elements_order":"","neve_meta_disable_header":"","neve_meta_disable_footer":"","neve_meta_disable_title":""},"_links":{"self":[{"href":"https:\/\/credinor.com.mx\/es\/index.php?rest_route=\/wp\/v2\/pages\/7"}],"collection":[{"href":"https:\/\/credinor.com.mx\/es\/index.php?rest_route=\/wp\/v2\/pages"}],"about":[{"href":"https:\/\/credinor.com.mx\/es\/index.php?rest_route=\/wp\/v2\/types\/page"}],"author":[{"embeddable":true,"href":"https:\/\/credinor.com.mx\/es\/index.php?rest_route=\/wp\/v2\/users\/1"}],"replies":[{"embeddable":true,"href":"https:\/\/credinor.com.mx\/es\/index.php?rest_route=%2Fwp%2Fv2%2Fcomments&post=7"}],"version-history":[{"count":12,"href":"https:\/\/credinor.com.mx\/es\/index.php?rest_route=\/wp\/v2\/pages\/7\/revisions"}],"predecessor-version":[{"id":953,"href":"https:\/\/credinor.com.mx\/es\/index.php?rest_route=\/wp\/v2\/pages\/7\/revisions\/953"}],"wp:attachment":[{"href":"https:\/\/credinor.com.mx\/es\/index.php?rest_route=%2Fwp%2Fv2%2Fmedia&parent=7"}],"curies":[{"name":"wp","href":"https:\/\/api.w.org\/{rel}","templated":true}]}}