{"id":21,"date":"2020-03-20T22:55:21","date_gmt":"2020-03-20T22:55:21","guid":{"rendered":"https:\/\/credinor.com.mx\/es\/?page_id=21"},"modified":"2020-03-20T23:30:44","modified_gmt":"2020-03-20T23:30:44","slug":"nosotros","status":"publish","type":"page","link":"https:\/\/credinor.com.mx\/es\/?page_id=21","title":{"rendered":"NOSOTROS"},"content":{"rendered":"\t\t<div data-elementor-type=\"wp-page\" data-elementor-id=\"21\" class=\"elementor elementor-21\">\n\t\t\t\t\t\t<section class=\"elementor-section elementor-top-section elementor-element elementor-element-fabe562 elementor-section-boxed elementor-section-height-default elementor-section-height-default\" data-id=\"fabe562\" data-element_type=\"section\">\n\t\t\t\t\t\t<div class=\"elementor-container elementor-column-gap-default\">\n\t\t\t\t\t<div class=\"elementor-column elementor-col-100 elementor-top-column elementor-element elementor-element-9649720\" data-id=\"9649720\" data-element_type=\"column\">\n\t\t\t<div class=\"elementor-widget-wrap elementor-element-populated\">\n\t\t\t\t\t\t<div class=\"elementor-element elementor-element-afd9383 elementor-widget elementor-widget-image\" data-id=\"afd9383\" data-element_type=\"widget\" data-widget_type=\"image.default\">\n\t\t\t\t<div class=\"elementor-widget-container\">\n\t\t\t\t\t\t\t\t\t\t\t\t\t<img fetchpriority=\"high\" decoding=\"async\" width=\"979\" height=\"293\" src=\"https:\/\/credinor.com.mx\/es\/wp-content\/uploads\/2020\/03\/Screen-Shot-2020-03-20-at-4.54.09-PM.png\" class=\"attachment-large size-large wp-image-23\" alt=\"\" srcset=\"https:\/\/credinor.com.mx\/es\/wp-content\/uploads\/2020\/03\/Screen-Shot-2020-03-20-at-4.54.09-PM.png 979w, https:\/\/credinor.com.mx\/es\/wp-content\/uploads\/2020\/03\/Screen-Shot-2020-03-20-at-4.54.09-PM-300x90.png 300w, https:\/\/credinor.com.mx\/es\/wp-content\/uploads\/2020\/03\/Screen-Shot-2020-03-20-at-4.54.09-PM-768x230.png 768w\" sizes=\"(max-width: 979px) 100vw, 979px\" \/>\t\t\t\t\t\t\t\t\t\t\t\t\t<\/div>\n\t\t\t\t<\/div>\n\t\t\t\t\t<\/div>\n\t\t<\/div>\n\t\t\t\t\t<\/div>\n\t\t<\/section>\n\t\t\t\t<section class=\"elementor-section elementor-top-section elementor-element elementor-element-4e834f4 elementor-section-boxed elementor-section-height-default elementor-section-height-default\" data-id=\"4e834f4\" data-element_type=\"section\">\n\t\t\t\t\t\t<div class=\"elementor-container elementor-column-gap-default\">\n\t\t\t\t\t<div class=\"elementor-column elementor-col-100 elementor-top-column elementor-element elementor-element-f1f4bc1\" data-id=\"f1f4bc1\" data-element_type=\"column\">\n\t\t\t<div class=\"elementor-widget-wrap elementor-element-populated\">\n\t\t\t\t\t\t<div class=\"elementor-element elementor-element-76c9d53 elementor-widget elementor-widget-spacer\" data-id=\"76c9d53\" data-element_type=\"widget\" data-widget_type=\"spacer.default\">\n\t\t\t\t<div class=\"elementor-widget-container\">\n\t\t\t\t\t<div class=\"elementor-spacer\">\n\t\t\t<div class=\"elementor-spacer-inner\"><\/div>\n\t\t<\/div>\n\t\t\t\t<\/div>\n\t\t\t\t<\/div>\n\t\t\t\t<div class=\"elementor-element elementor-element-f688707 elementor-widget elementor-widget-heading\" data-id=\"f688707\" data-element_type=\"widget\" data-widget_type=\"heading.default\">\n\t\t\t\t<div class=\"elementor-widget-container\">\n\t\t\t<h2 class=\"elementor-heading-title elementor-size-default\">NOSOTROS<\/h2>\t\t<\/div>\n\t\t\t\t<\/div>\n\t\t\t\t<div class=\"elementor-element elementor-element-3ce3f6e elementor-widget-divider--view-line elementor-widget elementor-widget-divider\" data-id=\"3ce3f6e\" data-element_type=\"widget\" data-widget_type=\"divider.default\">\n\t\t\t\t<div class=\"elementor-widget-container\">\n\t\t\t\t\t<div class=\"elementor-divider\">\n\t\t\t<span class=\"elementor-divider-separator\">\n\t\t\t\t\t\t<\/span>\n\t\t<\/div>\n\t\t\t\t<\/div>\n\t\t\t\t<\/div>\n\t\t\t\t\t<\/div>\n\t\t<\/div>\n\t\t\t\t\t<\/div>\n\t\t<\/section>\n\t\t\t\t<section class=\"elementor-section elementor-top-section elementor-element elementor-element-408b383 elementor-section-boxed elementor-section-height-default elementor-section-height-default\" data-id=\"408b383\" data-element_type=\"section\">\n\t\t\t\t\t\t<div class=\"elementor-container elementor-column-gap-default\">\n\t\t\t\t\t<div class=\"elementor-column elementor-col-100 elementor-top-column elementor-element elementor-element-a424148\" data-id=\"a424148\" data-element_type=\"column\">\n\t\t\t<div class=\"elementor-widget-wrap elementor-element-populated\">\n\t\t\t\t\t\t<div class=\"elementor-element elementor-element-82fd7c0 elementor-widget elementor-widget-text-editor\" data-id=\"82fd7c0\" data-element_type=\"widget\" data-widget_type=\"text-editor.default\">\n\t\t\t\t<div class=\"elementor-widget-container\">\n\t\t\t\t\t\t\t<p class=\"font_8\">Uni\u00f3n nace en el a\u00f1o de 1992, auspiciada por la C\u00e1mara de la Industria de la Construcci\u00f3n de Monclova, con el nombre de Uni\u00f3n de Cr\u00e9dito de la Construcci\u00f3n de Monclova, S.A. de C.V., y a trav\u00e9s de los cambios que han tenido en la actualidad, la Uni\u00f3n se llama CREDINOR, UNION DE CREDITO S.A. DE C.V.<\/p><p class=\"font_8\"><span class=\"wixGuard\">\u200b<\/span>Originalmente los servicios eran dirigidos nada m\u00e1s hacia el nicho que constitu\u00eda la c\u00e1mara de la construcci\u00f3n, a partir del 97 que cambio la ley haci\u00e9ndolas mixta, se nos permiti\u00f3 atender otros sectores, tales como la agricultura, ganader\u00eda, comercio, servicios y la industria que es el sector fuerte de la regi\u00f3n.<\/p><p class=\"font_8\"><span class=\"wixGuard\">\u200b<\/span>El crecimiento que ha tenido la uni\u00f3n es importante, ya que en sus or\u00edgenes se inici\u00f3 con 23 socios, teniendo en la actualidad 1323 socios y sucursales en las ciudades de Saltillo, Torre\u00f3n y Sabinas, Coahuila.<\/p>\t\t\t\t\t\t<\/div>\n\t\t\t\t<\/div>\n\t\t\t\t\t<\/div>\n\t\t<\/div>\n\t\t\t\t\t<\/div>\n\t\t<\/section>\n\t\t\t\t<section class=\"elementor-section elementor-top-section elementor-element elementor-element-40d1726 elementor-section-boxed elementor-section-height-default elementor-section-height-default\" data-id=\"40d1726\" data-element_type=\"section\">\n\t\t\t\t\t\t<div class=\"elementor-container elementor-column-gap-default\">\n\t\t\t\t\t<div class=\"elementor-column elementor-col-100 elementor-top-column elementor-element elementor-element-4463f4e\" data-id=\"4463f4e\" data-element_type=\"column\">\n\t\t\t<div class=\"elementor-widget-wrap elementor-element-populated\">\n\t\t\t\t\t\t<div class=\"elementor-element elementor-element-d2c77ca elementor-widget elementor-widget-heading\" data-id=\"d2c77ca\" data-element_type=\"widget\" data-widget_type=\"heading.default\">\n\t\t\t\t<div class=\"elementor-widget-container\">\n\t\t\t<h2 class=\"elementor-heading-title elementor-size-default\">NUESTRA MISI\u00d3N<\/h2>\t\t<\/div>\n\t\t\t\t<\/div>\n\t\t\t\t<div class=\"elementor-element elementor-element-4047bac elementor-widget-divider--view-line elementor-widget elementor-widget-divider\" data-id=\"4047bac\" data-element_type=\"widget\" data-widget_type=\"divider.default\">\n\t\t\t\t<div class=\"elementor-widget-container\">\n\t\t\t\t\t<div class=\"elementor-divider\">\n\t\t\t<span class=\"elementor-divider-separator\">\n\t\t\t\t\t\t<\/span>\n\t\t<\/div>\n\t\t\t\t<\/div>\n\t\t\t\t<\/div>\n\t\t\t\t\t<\/div>\n\t\t<\/div>\n\t\t\t\t\t<\/div>\n\t\t<\/section>\n\t\t\t\t<section class=\"elementor-section elementor-top-section elementor-element elementor-element-eb98638 elementor-section-boxed elementor-section-height-default elementor-section-height-default\" data-id=\"eb98638\" data-element_type=\"section\">\n\t\t\t\t\t\t<div class=\"elementor-container elementor-column-gap-default\">\n\t\t\t\t\t<div class=\"elementor-column elementor-col-100 elementor-top-column elementor-element elementor-element-a34e5c2\" data-id=\"a34e5c2\" data-element_type=\"column\">\n\t\t\t<div class=\"elementor-widget-wrap elementor-element-populated\">\n\t\t\t\t\t\t<div class=\"elementor-element elementor-element-7a6393e elementor-widget elementor-widget-text-editor\" data-id=\"7a6393e\" data-element_type=\"widget\" data-widget_type=\"text-editor.default\">\n\t\t\t\t<div class=\"elementor-widget-container\">\n\t\t\t\t\t\t\t<p>Apoyar el desarrollo y consolidaci\u00f3n del sector empresarial en la Regi\u00f3n Noreste del pa\u00eds, proporcionando Servicios Financieros mediante fondeo interno o de organismos de fomento, asegurando su permanencia, otorgando Cr\u00e9ditos de bajo Riesgo, mejorando continuamente sus procesos, as\u00ed como, operando dentro del marco Legal y de acuerdo a la normatividad de la Comisi\u00f3n Nacional Bancaria y de Valores.<\/p>\t\t\t\t\t\t<\/div>\n\t\t\t\t<\/div>\n\t\t\t\t\t<\/div>\n\t\t<\/div>\n\t\t\t\t\t<\/div>\n\t\t<\/section>\n\t\t\t\t<section class=\"elementor-section elementor-top-section elementor-element elementor-element-8020ad9 elementor-section-boxed elementor-section-height-default elementor-section-height-default\" data-id=\"8020ad9\" data-element_type=\"section\">\n\t\t\t\t\t\t<div class=\"elementor-container elementor-column-gap-default\">\n\t\t\t\t\t<div class=\"elementor-column elementor-col-100 elementor-top-column elementor-element elementor-element-e7ce631\" data-id=\"e7ce631\" data-element_type=\"column\">\n\t\t\t<div class=\"elementor-widget-wrap elementor-element-populated\">\n\t\t\t\t\t\t<div class=\"elementor-element elementor-element-d579ceb elementor-widget elementor-widget-heading\" data-id=\"d579ceb\" data-element_type=\"widget\" data-widget_type=\"heading.default\">\n\t\t\t\t<div class=\"elementor-widget-container\">\n\t\t\t<h2 class=\"elementor-heading-title elementor-size-default\">NUESTRA VISI\u00d3N<\/h2>\t\t<\/div>\n\t\t\t\t<\/div>\n\t\t\t\t<div class=\"elementor-element elementor-element-a63abcb elementor-widget-divider--view-line elementor-widget elementor-widget-divider\" data-id=\"a63abcb\" data-element_type=\"widget\" data-widget_type=\"divider.default\">\n\t\t\t\t<div class=\"elementor-widget-container\">\n\t\t\t\t\t<div class=\"elementor-divider\">\n\t\t\t<span class=\"elementor-divider-separator\">\n\t\t\t\t\t\t<\/span>\n\t\t<\/div>\n\t\t\t\t<\/div>\n\t\t\t\t<\/div>\n\t\t\t\t\t<\/div>\n\t\t<\/div>\n\t\t\t\t\t<\/div>\n\t\t<\/section>\n\t\t\t\t<section class=\"elementor-section elementor-top-section elementor-element elementor-element-ca70ef9 elementor-section-boxed elementor-section-height-default elementor-section-height-default\" data-id=\"ca70ef9\" data-element_type=\"section\">\n\t\t\t\t\t\t<div class=\"elementor-container elementor-column-gap-default\">\n\t\t\t\t\t<div class=\"elementor-column elementor-col-100 elementor-top-column elementor-element elementor-element-43ea422\" data-id=\"43ea422\" data-element_type=\"column\">\n\t\t\t<div class=\"elementor-widget-wrap elementor-element-populated\">\n\t\t\t\t\t\t<div class=\"elementor-element elementor-element-29e327b elementor-widget elementor-widget-text-editor\" data-id=\"29e327b\" data-element_type=\"widget\" data-widget_type=\"text-editor.default\">\n\t\t\t\t<div class=\"elementor-widget-container\">\n\t\t\t\t\t\t\t<p>Ser considerados por la comunidad empresarial como una opci\u00f3n aceptable y conveniente para satisfacer sus necesidades financieras, basada en la oportunidad, seguridad y confiabilidad de nuestros productos y servicios.<\/p>\t\t\t\t\t\t<\/div>\n\t\t\t\t<\/div>\n\t\t\t\t\t<\/div>\n\t\t<\/div>\n\t\t\t\t\t<\/div>\n\t\t<\/section>\n\t\t\t\t<section class=\"elementor-section elementor-top-section elementor-element elementor-element-24a60e4 elementor-section-boxed elementor-section-height-default elementor-section-height-default\" data-id=\"24a60e4\" data-element_type=\"section\">\n\t\t\t\t\t\t<div class=\"elementor-container elementor-column-gap-default\">\n\t\t\t\t\t<div class=\"elementor-column elementor-col-100 elementor-top-column elementor-element elementor-element-6390384\" data-id=\"6390384\" data-element_type=\"column\">\n\t\t\t<div class=\"elementor-widget-wrap elementor-element-populated\">\n\t\t\t\t\t\t<div class=\"elementor-element elementor-element-5b75615 elementor-widget elementor-widget-heading\" data-id=\"5b75615\" data-element_type=\"widget\" data-widget_type=\"heading.default\">\n\t\t\t\t<div class=\"elementor-widget-container\">\n\t\t\t<h2 class=\"elementor-heading-title elementor-size-default\">NUESTROS VALORES<\/h2>\t\t<\/div>\n\t\t\t\t<\/div>\n\t\t\t\t<div class=\"elementor-element elementor-element-8655893 elementor-widget-divider--view-line elementor-widget elementor-widget-divider\" data-id=\"8655893\" data-element_type=\"widget\" data-widget_type=\"divider.default\">\n\t\t\t\t<div class=\"elementor-widget-container\">\n\t\t\t\t\t<div class=\"elementor-divider\">\n\t\t\t<span class=\"elementor-divider-separator\">\n\t\t\t\t\t\t<\/span>\n\t\t<\/div>\n\t\t\t\t<\/div>\n\t\t\t\t<\/div>\n\t\t\t\t\t<\/div>\n\t\t<\/div>\n\t\t\t\t\t<\/div>\n\t\t<\/section>\n\t\t\t\t<section class=\"elementor-section elementor-top-section elementor-element elementor-element-e86398e elementor-section-boxed elementor-section-height-default elementor-section-height-default\" data-id=\"e86398e\" data-element_type=\"section\">\n\t\t\t\t\t\t<div class=\"elementor-container elementor-column-gap-default\">\n\t\t\t\t\t<div class=\"elementor-column elementor-col-100 elementor-top-column elementor-element elementor-element-1496d44\" data-id=\"1496d44\" data-element_type=\"column\">\n\t\t\t<div class=\"elementor-widget-wrap elementor-element-populated\">\n\t\t\t\t\t\t<div class=\"elementor-element elementor-element-1a59b45 elementor-widget elementor-widget-text-editor\" data-id=\"1a59b45\" data-element_type=\"widget\" data-widget_type=\"text-editor.default\">\n\t\t\t\t<div class=\"elementor-widget-container\">\n\t\t\t\t\t\t\t<p>Honestidad, responsabilidad, cooperaci\u00f3n, austeridad, servicio, innovaci\u00f3n y comunicaci\u00f3n.<\/p>\t\t\t\t\t\t<\/div>\n\t\t\t\t<\/div>\n\t\t\t\t\t<\/div>\n\t\t<\/div>\n\t\t\t\t\t<\/div>\n\t\t<\/section>\n\t\t\t\t<section class=\"elementor-section elementor-top-section elementor-element elementor-element-4ab5b06 elementor-section-boxed elementor-section-height-default elementor-section-height-default\" data-id=\"4ab5b06\" data-element_type=\"section\">\n\t\t\t\t\t\t<div class=\"elementor-container elementor-column-gap-default\">\n\t\t\t\t\t<div class=\"elementor-column elementor-col-100 elementor-top-column elementor-element elementor-element-9d78093\" data-id=\"9d78093\" data-element_type=\"column\">\n\t\t\t<div class=\"elementor-widget-wrap elementor-element-populated\">\n\t\t\t\t\t\t<div class=\"elementor-element elementor-element-194e555 elementor-widget elementor-widget-spacer\" data-id=\"194e555\" data-element_type=\"widget\" data-widget_type=\"spacer.default\">\n\t\t\t\t<div class=\"elementor-widget-container\">\n\t\t\t\t\t<div class=\"elementor-spacer\">\n\t\t\t<div class=\"elementor-spacer-inner\"><\/div>\n\t\t<\/div>\n\t\t\t\t<\/div>\n\t\t\t\t<\/div>\n\t\t\t\t\t<\/div>\n\t\t<\/div>\n\t\t\t\t\t<\/div>\n\t\t<\/section>\n\t\t\t\t<\/div>\n\t\t","protected":false},"excerpt":{"rendered":"<p>NOSOTROS Uni\u00f3n nace en el a\u00f1o de 1992, auspiciada por la C\u00e1mara de la Industria de la Construcci\u00f3n de Monclova, con el nombre de Uni\u00f3n de Cr\u00e9dito de la Construcci\u00f3n de Monclova, S.A. de C.V., y a trav\u00e9s de los cambios que han tenido en la actualidad, la Uni\u00f3n se llama CREDINOR, UNION DE CREDITO&hellip;&nbsp;<a href=\"https:\/\/credinor.com.mx\/es\/?page_id=21\" class=\"\" rel=\"bookmark\">Leer m\u00e1s &raquo;<span class=\"screen-reader-text\">NOSOTROS<\/span><\/a><\/p>\n","protected":false},"author":1,"featured_media":0,"parent":0,"menu_order":0,"comment_status":"closed","ping_status":"closed","template":"page-templates\/template-pagebuilder-full-width.php","meta":{"neve_meta_sidebar":"full-width","neve_meta_container":"","neve_meta_enable_content_width":"on","neve_meta_content_width":100,"neve_meta_title_alignment":"","neve_meta_author_avatar":"","neve_post_elements_order":"","neve_meta_disable_header":"","neve_meta_disable_footer":"","neve_meta_disable_title":""},"_links":{"self":[{"href":"https:\/\/credinor.com.mx\/es\/index.php?rest_route=\/wp\/v2\/pages\/21"}],"collection":[{"href":"https:\/\/credinor.com.mx\/es\/index.php?rest_route=\/wp\/v2\/pages"}],"about":[{"href":"https:\/\/credinor.com.mx\/es\/index.php?rest_route=\/wp\/v2\/types\/page"}],"author":[{"embeddable":true,"href":"https:\/\/credinor.com.mx\/es\/index.php?rest_route=\/wp\/v2\/users\/1"}],"replies":[{"embeddable":true,"href":"https:\/\/credinor.com.mx\/es\/index.php?rest_route=%2Fwp%2Fv2%2Fcomments&post=21"}],"version-history":[{"count":11,"href":"https:\/\/credinor.com.mx\/es\/index.php?rest_route=\/wp\/v2\/pages\/21\/revisions"}],"predecessor-version":[{"id":61,"href":"https:\/\/credinor.com.mx\/es\/index.php?rest_route=\/wp\/v2\/pages\/21\/revisions\/61"}],"wp:attachment":[{"href":"https:\/\/credinor.com.mx\/es\/index.php?rest_route=%2Fwp%2Fv2%2Fmedia&parent=21"}],"curies":[{"name":"wp","href":"https:\/\/api.w.org\/{rel}","templated":true}]}}